{"id":1052,"date":"2020-05-18T11:48:11","date_gmt":"2020-05-18T14:48:11","guid":{"rendered":"https:\/\/isfd156-bue.infd.edu.ar\/sitio\/?page_id=1052"},"modified":"2020-05-18T11:48:11","modified_gmt":"2020-05-18T14:48:11","slug":"centro-de-estudiantes-palmiro-bogliano-todo-un-palo","status":"publish","type":"page","link":"https:\/\/isfd156-bue.infd.edu.ar\/sitio\/centro-de-estudiantes-palmiro-bogliano-todo-un-palo\/","title":{"rendered":"Centro de Estudiantes Palmiro Bogliano &#8211; \u00abTodo un palo\u00bb"},"content":{"rendered":"<p>A continuaci\u00f3n podr\u00e1s acceder a los enlaces con informaci\u00f3n vinculada al <strong>centro de estudiantes<\/strong>:<\/p>\n<p><a href=\"https:\/\/www.instagram.com\/todounpalo156\/\">Enlace a Instagram<\/a><\/p>\n<p><a href=\"https:\/\/www.facebook.com\/agrupacionestudiantiltodounpalo\/\">Enlace a Facebook<\/a><\/p>\n","protected":false},"excerpt":{"rendered":"<p>A continuaci\u00f3n podr\u00e1s acceder a los enlaces con informaci\u00f3n vinculada al centro de estudiantes: Enlace a Instagram Enlace a Facebook<\/p>\n","protected":false},"author":127,"featured_media":0,"parent":0,"menu_order":0,"comment_status":"closed","ping_status":"closed","template":"","meta":[],"acf":[],"_links":{"self":[{"href":"https:\/\/isfd156-bue.infd.edu.ar\/sitio\/wp-json\/wp\/v2\/pages\/1052"}],"collection":[{"href":"https:\/\/isfd156-bue.infd.edu.ar\/sitio\/wp-json\/wp\/v2\/pages"}],"about":[{"href":"https:\/\/isfd156-bue.infd.edu.ar\/sitio\/wp-json\/wp\/v2\/types\/page"}],"author":[{"embeddable":true,"href":"https:\/\/isfd156-bue.infd.edu.ar\/sitio\/wp-json\/wp\/v2\/users\/127"}],"replies":[{"embeddable":true,"href":"https:\/\/isfd156-bue.infd.edu.ar\/sitio\/wp-json\/wp\/v2\/comments?post=1052"}],"version-history":[{"count":1,"href":"https:\/\/isfd156-bue.infd.edu.ar\/sitio\/wp-json\/wp\/v2\/pages\/1052\/revisions"}],"predecessor-version":[{"id":1053,"href":"https:\/\/isfd156-bue.infd.edu.ar\/sitio\/wp-json\/wp\/v2\/pages\/1052\/revisions\/1053"}],"wp:attachment":[{"href":"https:\/\/isfd156-bue.infd.edu.ar\/sitio\/wp-json\/wp\/v2\/media?parent=1052"}],"curies":[{"name":"wp","href":"https:\/\/api.w.org\/{rel}","templated":true}]}}