{"id":1409,"date":"2024-11-27T16:22:41","date_gmt":"2024-11-27T19:22:41","guid":{"rendered":"https:\/\/isfd156-bue.infd.edu.ar\/sitio\/?page_id=1409"},"modified":"2024-11-27T16:22:43","modified_gmt":"2024-11-27T19:22:43","slug":"contactos","status":"publish","type":"page","link":"https:\/\/isfd156-bue.infd.edu.ar\/sitio\/contactos\/","title":{"rendered":"Contactos"},"content":{"rendered":"\n<p><strong>Profesorado en Geograf\u00eda e Historia<\/strong><\/p>\n\n\n\n<p><strong>Preceptora:<\/strong> Bel\u00e9n Serrano<\/p>\n\n\n\n<p><strong>Correo Electr\u00f3nico:<\/strong> prhistoriaygeografia2024@gmail.com<\/p>\n\n\n\n<hr class=\"wp-block-separator has-alpha-channel-opacity\"\/>\n\n\n\n<p><strong>Profesorado en F\u00edsica, Qu\u00edmica y Matem\u00e1tica<\/strong><\/p>\n\n\n\n<p><strong>Preceptora:<\/strong> Valeria G\u00f3mez<\/p>\n\n\n\n<p><strong>Correo Electr\u00f3nico: <\/strong>pr.fisica.quimica.matematica@carina<\/p>\n\n\n\n<hr class=\"wp-block-separator has-alpha-channel-opacity\"\/>\n\n\n\n<p><strong>Profesorado en Literatura e Ingl\u00e9s<\/strong><\/p>\n\n\n\n<p><strong>Preceptora:<\/strong> Guilermina Gau<\/p>\n\n\n\n<p><strong>Correo Electr\u00f3nica: <\/strong>prlengualiteraturaingles@gmail.com<\/p>\n","protected":false},"excerpt":{"rendered":"<p>Profesorado en Geograf\u00eda e Historia Preceptora: Bel\u00e9n Serrano Correo Electr\u00f3nico: prhistoriaygeografia2024@gmail.com Profesorado en F\u00edsica, Qu\u00edmica y Matem\u00e1tica Preceptora: Valeria G\u00f3mez Correo Electr\u00f3nico: pr.fisica.quimica.matematica@carina Profesorado en Literatura e Ingl\u00e9s Preceptora: Guilermina Gau Correo Electr\u00f3nica: prlengualiteraturaingles@gmail.com<\/p>\n","protected":false},"author":127,"featured_media":0,"parent":0,"menu_order":0,"comment_status":"closed","ping_status":"closed","template":"","meta":[],"acf":[],"_links":{"self":[{"href":"https:\/\/isfd156-bue.infd.edu.ar\/sitio\/wp-json\/wp\/v2\/pages\/1409"}],"collection":[{"href":"https:\/\/isfd156-bue.infd.edu.ar\/sitio\/wp-json\/wp\/v2\/pages"}],"about":[{"href":"https:\/\/isfd156-bue.infd.edu.ar\/sitio\/wp-json\/wp\/v2\/types\/page"}],"author":[{"embeddable":true,"href":"https:\/\/isfd156-bue.infd.edu.ar\/sitio\/wp-json\/wp\/v2\/users\/127"}],"replies":[{"embeddable":true,"href":"https:\/\/isfd156-bue.infd.edu.ar\/sitio\/wp-json\/wp\/v2\/comments?post=1409"}],"version-history":[{"count":1,"href":"https:\/\/isfd156-bue.infd.edu.ar\/sitio\/wp-json\/wp\/v2\/pages\/1409\/revisions"}],"predecessor-version":[{"id":1410,"href":"https:\/\/isfd156-bue.infd.edu.ar\/sitio\/wp-json\/wp\/v2\/pages\/1409\/revisions\/1410"}],"wp:attachment":[{"href":"https:\/\/isfd156-bue.infd.edu.ar\/sitio\/wp-json\/wp\/v2\/media?parent=1409"}],"curies":[{"name":"wp","href":"https:\/\/api.w.org\/{rel}","templated":true}]}}