{"id":770,"date":"2018-08-29T21:44:19","date_gmt":"2018-08-30T00:44:19","guid":{"rendered":"https:\/\/isfd156-bue.infd.edu.ar\/sitio\/datos-institucionales\/"},"modified":"2024-11-27T19:47:11","modified_gmt":"2024-11-27T22:47:11","slug":"datos-institucionales","status":"publish","type":"page","link":"https:\/\/isfd156-bue.infd.edu.ar\/sitio\/datos-institucionales\/","title":{"rendered":"Datos institucionales"},"content":{"rendered":"<blockquote>\n<p style=\"text-align: left;\"><span style=\"color: #c67f39;\">\u00a0<\/span><\/p>\n<p style=\"text-align: left;\"><span style=\"color: #c67f39; font-family: verdana; font-size: 12pt;\">Instituto Superior de Formaci\u00f3n Docente N\u00b0 156 Dr. \u00abP. Bogliano\u00bb<\/span><\/p>\n<p style=\"text-align: left;\"><span style=\"color: #c67f39; font-family: verdana; font-size: 12pt;\">Horarios de atenci\u00f3n: Lunes a viernes de 18:00 a 23:00 Hs.<\/span><\/p>\n<p style=\"text-align: left;\"><span style=\"color: #c67f39; font-family: verdana; font-size: 12pt;\">Direcci\u00f3n: Av. 25 de Mayo 777 (e. Roca y 9 de julio)<\/span><\/p>\n<p style=\"text-align: left;\"><span style=\"color: #c67f39; font-family: verdana; font-size: 12pt;\">Tel\u00e9fonos:(02281) 434636<\/span><\/p>\n<p style=\"text-align: left;\"><span style=\"color: #c67f39; font-family: verdana; font-size: 12pt;\">E-mail de consultas:instituto156azul@abc.gob.ar<\/span><\/p>\n<p style=\"text-align: left;\"><span style=\"color: #c67f39; font-family: verdana; font-size: 12pt;\">URL: <a href=\"https:\/\/isfd156-bue.infd.edu.ar\/\" target=\"_blank\" rel=\"noopener\"><span style=\"color: #c67f39;\">http:\/\/isfd156.bue.infd.edu.ar<\/span><\/a><\/span><\/p>\n<\/blockquote>\n","protected":false},"excerpt":{"rendered":"<p>\u00a0 Instituto Superior de Formaci\u00f3n Docente N\u00b0 156 Dr. \u00abP. Bogliano\u00bb Horarios de atenci\u00f3n: Lunes a viernes de 18:00 a 23:00 Hs. Direcci\u00f3n: Av. 25 de Mayo 777 (e. Roca y 9 de julio) Tel\u00e9fonos:(02281) 434636 E-mail de consultas:instituto156azul@abc.gob.ar URL: http:\/\/isfd156.bue.infd.edu.ar<\/p>\n","protected":false},"author":9,"featured_media":0,"parent":0,"menu_order":0,"comment_status":"closed","ping_status":"closed","template":"","meta":[],"acf":[],"_links":{"self":[{"href":"https:\/\/isfd156-bue.infd.edu.ar\/sitio\/wp-json\/wp\/v2\/pages\/770"}],"collection":[{"href":"https:\/\/isfd156-bue.infd.edu.ar\/sitio\/wp-json\/wp\/v2\/pages"}],"about":[{"href":"https:\/\/isfd156-bue.infd.edu.ar\/sitio\/wp-json\/wp\/v2\/types\/page"}],"author":[{"embeddable":true,"href":"https:\/\/isfd156-bue.infd.edu.ar\/sitio\/wp-json\/wp\/v2\/users\/9"}],"replies":[{"embeddable":true,"href":"https:\/\/isfd156-bue.infd.edu.ar\/sitio\/wp-json\/wp\/v2\/comments?post=770"}],"version-history":[{"count":2,"href":"https:\/\/isfd156-bue.infd.edu.ar\/sitio\/wp-json\/wp\/v2\/pages\/770\/revisions"}],"predecessor-version":[{"id":1420,"href":"https:\/\/isfd156-bue.infd.edu.ar\/sitio\/wp-json\/wp\/v2\/pages\/770\/revisions\/1420"}],"wp:attachment":[{"href":"https:\/\/isfd156-bue.infd.edu.ar\/sitio\/wp-json\/wp\/v2\/media?parent=770"}],"curies":[{"name":"wp","href":"https:\/\/api.w.org\/{rel}","templated":true}]}}