{"id":974,"date":"2020-04-22T20:13:43","date_gmt":"2020-04-22T23:13:43","guid":{"rendered":"https:\/\/isfd156-bue.infd.edu.ar\/sitio\/?page_id=974"},"modified":"2024-11-29T15:56:44","modified_gmt":"2024-11-29T18:56:44","slug":"diseno-curricular-y-correlativas-profesorado-de-fisica","status":"publish","type":"page","link":"https:\/\/isfd156-bue.infd.edu.ar\/sitio\/diseno-curricular-y-correlativas-profesorado-de-fisica\/","title":{"rendered":"Dise\u00f1o curricular y correlativas Profesorado de F\u00edsica"},"content":{"rendered":"<p>Dise\u00f1o curricular y correlativas Profesorado de F\u00edsica<\/p>\n\n\n<p><strong><a rel=\"noreferrer noopener\" href=\"https:\/\/abc.gob.ar\/secretarias\/sites\/default\/files\/2024-03\/F%C3%ADsica.pdf\" data-type=\"URL\" data-id=\"https:\/\/abc.gob.ar\/secretarias\/sites\/default\/files\/2024-03\/F%C3%ADsica.pdf\" target=\"_blank\">Dise\u00f1o Curricular 2022<\/a><\/strong> &#8211;<strong>Resolucion 3607\/22<\/strong><\/p>\n","protected":false},"excerpt":{"rendered":"<p>Dise\u00f1o curricular y correlativas Profesorado de F\u00edsica Dise\u00f1o Curricular 2022 &#8211;Resolucion 3607\/22<\/p>\n","protected":false},"author":127,"featured_media":0,"parent":0,"menu_order":0,"comment_status":"closed","ping_status":"closed","template":"","meta":[],"acf":[],"_links":{"self":[{"href":"https:\/\/isfd156-bue.infd.edu.ar\/sitio\/wp-json\/wp\/v2\/pages\/974"}],"collection":[{"href":"https:\/\/isfd156-bue.infd.edu.ar\/sitio\/wp-json\/wp\/v2\/pages"}],"about":[{"href":"https:\/\/isfd156-bue.infd.edu.ar\/sitio\/wp-json\/wp\/v2\/types\/page"}],"author":[{"embeddable":true,"href":"https:\/\/isfd156-bue.infd.edu.ar\/sitio\/wp-json\/wp\/v2\/users\/127"}],"replies":[{"embeddable":true,"href":"https:\/\/isfd156-bue.infd.edu.ar\/sitio\/wp-json\/wp\/v2\/comments?post=974"}],"version-history":[{"count":5,"href":"https:\/\/isfd156-bue.infd.edu.ar\/sitio\/wp-json\/wp\/v2\/pages\/974\/revisions"}],"predecessor-version":[{"id":1502,"href":"https:\/\/isfd156-bue.infd.edu.ar\/sitio\/wp-json\/wp\/v2\/pages\/974\/revisions\/1502"}],"wp:attachment":[{"href":"https:\/\/isfd156-bue.infd.edu.ar\/sitio\/wp-json\/wp\/v2\/media?parent=974"}],"curies":[{"name":"wp","href":"https:\/\/api.w.org\/{rel}","templated":true}]}}