{"id":976,"date":"2020-04-22T20:14:35","date_gmt":"2020-04-22T23:14:35","guid":{"rendered":"https:\/\/isfd156-bue.infd.edu.ar\/sitio\/?page_id=976"},"modified":"2024-07-30T21:38:03","modified_gmt":"2024-07-31T00:38:03","slug":"diseno-curricular-y-correlativas-profesorado-de-quimica","status":"publish","type":"page","link":"https:\/\/isfd156-bue.infd.edu.ar\/sitio\/diseno-curricular-y-correlativas-profesorado-de-quimica\/","title":{"rendered":"Dise\u00f1o curricular y correlativas Profesorado de Qu\u00edmica"},"content":{"rendered":"<p><a href=\"https:\/\/isfd156-bue.infd.edu.ar\/sitio\/wp-content\/uploads\/2020\/04\/Dise\u00f1o-curricular-Qu\u00edmica-Res.-13259-99.pdf\">Dise\u00f1o curricular y correlativas Qu\u00edmica<\/a><\/p>\n\n\n<p><strong><a href=\"https:\/\/abc.gob.ar\/secretarias\/sites\/default\/files\/2024-03\/Qu%C3%ADmica_0.pdf\">Dise\u00f1o Curricular 2022<\/a><\/strong><\/p>\n\n\n\n<p><\/p>\n","protected":false},"excerpt":{"rendered":"<p>Dise\u00f1o curricular y correlativas Qu\u00edmica Dise\u00f1o Curricular 2022<\/p>\n","protected":false},"author":127,"featured_media":0,"parent":0,"menu_order":0,"comment_status":"closed","ping_status":"closed","template":"","meta":[],"acf":[],"_links":{"self":[{"href":"https:\/\/isfd156-bue.infd.edu.ar\/sitio\/wp-json\/wp\/v2\/pages\/976"}],"collection":[{"href":"https:\/\/isfd156-bue.infd.edu.ar\/sitio\/wp-json\/wp\/v2\/pages"}],"about":[{"href":"https:\/\/isfd156-bue.infd.edu.ar\/sitio\/wp-json\/wp\/v2\/types\/page"}],"author":[{"embeddable":true,"href":"https:\/\/isfd156-bue.infd.edu.ar\/sitio\/wp-json\/wp\/v2\/users\/127"}],"replies":[{"embeddable":true,"href":"https:\/\/isfd156-bue.infd.edu.ar\/sitio\/wp-json\/wp\/v2\/comments?post=976"}],"version-history":[{"count":5,"href":"https:\/\/isfd156-bue.infd.edu.ar\/sitio\/wp-json\/wp\/v2\/pages\/976\/revisions"}],"predecessor-version":[{"id":1342,"href":"https:\/\/isfd156-bue.infd.edu.ar\/sitio\/wp-json\/wp\/v2\/pages\/976\/revisions\/1342"}],"wp:attachment":[{"href":"https:\/\/isfd156-bue.infd.edu.ar\/sitio\/wp-json\/wp\/v2\/media?parent=976"}],"curies":[{"name":"wp","href":"https:\/\/api.w.org\/{rel}","templated":true}]}}